{"id":11,"date":"2021-02-09T15:34:15","date_gmt":"2021-02-09T15:34:15","guid":{"rendered":"http:\/\/icelandfishexpo.webdev.is\/?page_id=11"},"modified":"2026-02-17T20:48:35","modified_gmt":"2026-02-17T20:48:35","slug":"heim","status":"publish","type":"page","link":"http:\/\/ritsyn.is\/en\/","title":{"rendered":"Home"},"content":{"rendered":"<p>[et_pb_section fb_built=&#8220;1&#8243; next_background_color=&#8220;#ffffff&#8220; admin_label=&#8220;Header&#8220; _builder_version=&#8220;4.8.2&#8243; background_color=&#8220;RGBA(0,0,0,0)&#8220; use_background_color_gradient=&#8220;on&#8220; background_color_gradient_start=&#8220;#003a4a&#8220; background_color_gradient_end=&#8220;#051c2d&#8220; background_color_gradient_type=&#8220;radial&#8220; background_color_gradient_direction_radial=&#8220;top&#8220; background_color_gradient_start_position=&#8220;19%&#8220; background_enable_image=&#8220;off&#8220; min_height=&#8220;294px&#8220; min_height_tablet=&#8220;&#8220; min_height_phone=&#8220;&#8220; min_height_last_edited=&#8220;on|phone&#8220; custom_margin=&#8220;0px||0px||false|false&#8220; custom_margin_tablet=&#8220;-50px||||false|false&#8220; custom_margin_phone=&#8220;-56px||-56px||true|false&#8220; custom_margin_last_edited=&#8220;on|desktop&#8220; custom_padding=&#8220;0px||0vw||false|false&#8220; top_divider_height=&#8220;63px&#8220; top_divider_flip=&#8220;horizontal&#8220; bottom_divider_style=&#8220;waves2&#8243; bottom_divider_height=&#8220;3vw&#8220; bottom_divider_flip=&#8220;vertical&#8220; link_option_url_new_window=&#8220;on&#8220; background_last_edited=&#8220;on|desktop&#8220; parallax_phone=&#8220;off&#8220; custom_margin__hover_enabled=&#8220;off|desktop&#8220;][et_pb_row _builder_version=&#8220;4.8.2&#8243; _module_preset=&#8220;default&#8220; custom_margin=&#8220;|auto|-27px|auto||&#8220; custom_padding=&#8220;0px||75px|||&#8220;][et_pb_column type=&#8220;4_4&#8243; _builder_version=&#8220;4.8.2&#8243; _module_preset=&#8220;default&#8220;][et_pb_image src=&#8220;http:\/\/ritsyn.is\/wp-content\/uploads\/2023\/02\/Ritsyn_logo.png&#8220; alt=&#8220;Rits\u00fdn&#8220; title_text=&#8220;Ritsyn_logo&#8220; align=&#8220;center&#8220; src_last_edited=&#8220;off|desktop&#8220; disabled_on=&#8220;off|off|off&#8220; _builder_version=&#8220;4.8.2&#8243; _module_preset=&#8220;default&#8220; background_enable_color=&#8220;off&#8220; use_background_color_gradient=&#8220;off&#8220; background_enable_image=&#8220;off&#8220; max_width=&#8220;33%&#8220; max_width_tablet=&#8220;34%&#8220; max_width_phone=&#8220;&#8220; max_width_last_edited=&#8220;on|tablet&#8220; min_height=&#8220;100px&#8220; custom_margin=&#8220;33px||-6px||false|false&#8220; custom_padding=&#8220;20px|0||0|false|true&#8220; animation_style=&#8220;none&#8220; hover_transition_duration=&#8220;0ms&#8220;][\/et_pb_image][\/et_pb_column][\/et_pb_row][\/et_pb_section][et_pb_section fb_built=&#8220;1&#8243; admin_label=&#8220;Features&#8220; _builder_version=&#8220;4.8.2&#8243; background_enable_color=&#8220;off&#8220; min_height=&#8220;780.5px&#8220; custom_margin=&#8220;8px||-74px|||&#8220; custom_padding=&#8220;0px||0px|||&#8220; locked=&#8220;off&#8220;][et_pb_row _builder_version=&#8220;4.8.2&#8243; _module_preset=&#8220;default&#8220; min_height=&#8220;539px&#8220; custom_margin=&#8220;-5px|auto|47px|auto||&#8220; custom_padding=&#8220;||479px|||&#8220;][et_pb_column type=&#8220;4_4&#8243; _builder_version=&#8220;4.8.2&#8243; _module_preset=&#8220;default&#8220; custom_padding=&#8220;0px||0px||false|false&#8220;][et_pb_image src=&#8220;http:\/\/icelandfishexpo.webdev.is\/wp-content\/uploads\/2021\/02\/laugardalsholl-1-e1613509760143.png&#8220; title_text=&#8220;laugardalsholl&#8220; _builder_version=&#8220;4.8.2&#8243; _module_preset=&#8220;default&#8220; custom_margin=&#8220;||-27px||false|false&#8220; custom_padding=&#8220;0px|0|0px|0|false|true&#8220; animation_style=&#8220;none&#8220; border_radii=&#8220;on|13px|13px|13px|13px&#8220;][\/et_pb_image][et_pb_text content_last_edited=&#8220;off|desktop&#8220; _builder_version=&#8220;4.8.2&#8243; text_font=&#8220;||||||||&#8220; text_line_height=&#8220;2em&#8220; header_font=&#8220;||||||||&#8220; header_2_font=&#8220;Merriweather|700|||||||&#8220; header_2_font_size=&#8220;36px&#8220; header_2_line_height=&#8220;1.6em&#8220; width=&#8220;99.6%&#8220; min_height=&#8220;233px&#8220; custom_margin=&#8220;-32px||-650px||false|false&#8220; custom_padding=&#8220;41px|23px|0px|0px|false|false&#8220; header_2_font_size_tablet=&#8220;&#8220; header_2_font_size_phone=&#8220;20px&#8220; header_2_font_size_last_edited=&#8220;on|phone&#8220; locked=&#8220;off&#8220;]<\/p>\n<p style=\"text-align: left;\"><span style=\"font-size: 14px;\"><strong>S\u00fdningarfyrirt\u00e6ki\u00f0 RITS\u00ddN sf.<\/strong> b\u00fd\u00f0ur upp \u00e1 \u00a0fag\/v\u00f6rus\u00fdningar. \u00a0\u00cd r\u00famlega 25 \u00e1r hefur fyrirt\u00e6ki\u00f0 sta\u00f0i\u00f0 fyrir flestum s\u00fdningum \u00e1 \u00feessu svi\u00f0i \u00e1 \u00cdslandi. <\/span><\/p>\n<p style=\"text-align: left;\"><span style=\"font-size: 14px;\">M\u00e1 nefna s\u00fdningar \u00e1 svi\u00f0i <strong>heilsu, st\u00f3reldh\u00fasa, flutninga, fj\u00e1rm\u00e1la, landb\u00fana\u00f0ar, umhverfis, i\u00f0na\u00f0ar<\/strong>\u00a0og <strong>sj\u00e1var\u00fatvegs<\/strong>.<\/span><\/p>\n<p>Markmi\u00f0 okkar er a\u00f0 standa fyrir faglegum og \u00e1rangursr\u00edkum s\u00fdningum og r\u00e1\u00f0stefnum \u00e1 \u00cdslandi. H\u00e9r a\u00f0 ne\u00f0an m\u00e1 sj\u00e1 n\u00e1nari uppl\u00fdsingar um \u00fe\u00e6r s\u00fdningar sem eru fyrirhuga\u00f0ar hj\u00e1 Rits\u00fdn.<\/p>\n<p>[\/et_pb_text][\/et_pb_column][\/et_pb_row][\/et_pb_section][et_pb_section fb_built=&#8220;1&#8243; admin_label=&#8220;Features&#8220; _builder_version=&#8220;4.8.2&#8243; background_color=&#8220;rgba(0,58,74,0.07)&#8220; min_height=&#8220;780.5px&#8220; custom_margin=&#8220;-224px||-247px||false|false&#8220; custom_padding=&#8220;0px||0px|||&#8220; locked=&#8220;off&#8220;][et_pb_row _builder_version=&#8220;4.8.2&#8243; _module_preset=&#8220;default&#8220; min_height=&#8220;809.4px&#8220; custom_margin=&#8220;1px|auto|-18px|auto|false|false&#8220; custom_padding=&#8220;64px||0px|||&#8220; locked=&#8220;off&#8220;][et_pb_column type=&#8220;4_4&#8243; _builder_version=&#8220;4.8.2&#8243; _module_preset=&#8220;default&#8220; custom_padding=&#8220;0px||0px||false|false&#8220;][et_pb_image src=&#8220;http:\/\/ritsyn.is\/wp-content\/uploads\/2023\/02\/image003-1-scaled.jpg&#8220; title_text=&#8220;image003&#8243; _builder_version=&#8220;4.8.2&#8243; _module_preset=&#8220;default&#8220; custom_margin=&#8220;-27px||-27px||false|false&#8220; custom_padding=&#8220;1px|0|0px|0|false|true&#8220; animation_style=&#8220;none&#8220; border_radii=&#8220;on|13px|13px|13px|13px&#8220;][\/et_pb_image][et_pb_text _builder_version=&#8220;4.8.2&#8243; text_font=&#8220;||||||||&#8220; text_line_height=&#8220;2em&#8220; header_font=&#8220;||||||||&#8220; header_2_font=&#8220;Merriweather|700|||||||&#8220; header_2_font_size=&#8220;36px&#8220; header_2_line_height=&#8220;1.6em&#8220; width=&#8220;99.6%&#8220; min_height=&#8220;233px&#8220; custom_margin=&#8220;-32px||-644px||false|false&#8220; custom_padding=&#8220;41px|23px|0px|0px|false|false&#8220; hover_enabled=&#8220;0&#8243; header_2_font_size_tablet=&#8220;&#8220; header_2_font_size_phone=&#8220;20px&#8220; header_2_font_size_last_edited=&#8220;on|phone&#8220; locked=&#8220;off&#8220; sticky_enabled=&#8220;0&#8243;]<\/p>\n<h3><strong>N\u00e6stu s\u00fdningar:<span style=\"text-decoration: underline;\"><\/span>\u00a0<span style=\"color: #ff9900;\"><span style=\"text-decoration: underline;\"><a href=\"https:\/\/landbunadarsyningin.is\/\" target=\"_blank\" rel=\"noopener noreferrer\" title=\"\u00cdslenskur Landb\u00fana\u00f0ur 2026\">\u00cdslenskur Landb\u00fana\u00f0ur 2026<\/a><\/span>\u00a0og <span style=\"text-decoration: underline;\"><a href=\"https:\/\/storeldhusid.is\/\" target=\"_blank\" rel=\"noopener noreferrer\" title=\"St\u00f3reldh\u00fasi\u00f0 2026\">St\u00f3reldh\u00fasi\u00f0 2026<\/a><\/span>.<\/span><\/strong><\/h3>\n<p>[\/et_pb_text][\/et_pb_column][\/et_pb_row][\/et_pb_section][et_pb_section fb_built=&#8220;1&#8243; _builder_version=&#8220;4.8.2&#8243; _module_preset=&#8220;default&#8220; background_enable_color=&#8220;off&#8220; min_height=&#8220;455.1px&#8220; custom_margin=&#8220;-4px|||||&#8220; custom_padding=&#8220;108px||0px|||&#8220; locked=&#8220;on&#8220;][et_pb_row use_custom_gutter=&#8220;on&#8220; gutter_width=&#8220;1&#8243; _builder_version=&#8220;4.8.2&#8243; _module_preset=&#8220;default&#8220; min_height=&#8220;390.1px&#8220; custom_margin=&#8220;-17px|auto||auto||&#8220;][et_pb_column type=&#8220;4_4&#8243; _builder_version=&#8220;4.8.2&#8243; _module_preset=&#8220;default&#8220;][et_pb_gallery gallery_ids=&#8220;2723,2702,2719,2693,2691,2680,2718,2682,2687,2678,2721,2684,2685,2716,2679,2681,2689,2692,2683,2677,2714,2699,2695,2696,2722,2697,2698,2688,2700,2701,2715,2717,2720&#8243; gallery_orderby=&#8220;rand&#8220; orientation=&#8220;portrait&#8220; show_title_and_caption=&#8220;off&#8220; zoom_icon_color=&#8220;#FFFFFF&#8220; hover_overlay_color=&#8220;rgba(0,0,0,0.46)&#8220; _builder_version=&#8220;4.8.2&#8243; _module_preset=&#8220;default&#8220; pagination_text_color=&#8220;#E09900&#8243; background_color=&#8220;RGBA(0,0,0,0)&#8220; module_alignment=&#8220;left&#8220; custom_margin=&#8220;-25px|||||&#8220; box_shadow_style_image=&#8220;preset1&#8243; box_shadow_vertical_image=&#8220;4px&#8220;][\/et_pb_gallery][et_pb_text _builder_version=&#8220;4.8.2&#8243; _module_preset=&#8220;default&#8220; max_width=&#8220;92%&#8220; module_alignment=&#8220;left&#8220; custom_margin=&#8220;-62px|0px|||false|false&#8220; custom_padding=&#8220;|0px|||false|false&#8220;]<\/p>\n<p>Lj\u00f3sm.: J\u00f3n Svavarsson \u00a9 <a href=\"mailto:motiv@simnet.is\">MOTIV<\/a><\/p>\n<p>[\/et_pb_text][\/et_pb_column][\/et_pb_row][\/et_pb_section]<\/p>\n","protected":false},"excerpt":{"rendered":"<p>[et_pb_section fb_built=&#8220;1&#8243; next_background_color=&#8220;#ffffff&#8220; admin_label=&#8220;Header&#8220; _builder_version=&#8220;4.8.2&#8243; background_color=&#8220;RGBA(0,0,0,0)&#8220; use_background_color_gradient=&#8220;on&#8220; background_color_gradient_start=&#8220;#003a4a&#8220; background_color_gradient_end=&#8220;#051c2d&#8220; background_color_gradient_type=&#8220;radial&#8220; background_color_gradient_direction_radial=&#8220;top&#8220; background_color_gradient_start_position=&#8220;19%&#8220; background_enable_image=&#8220;off&#8220; min_height=&#8220;294px&#8220; min_height_tablet=&#8220;&#8220; min_height_phone=&#8220;&#8220; min_height_last_edited=&#8220;on|phone&#8220; custom_margin=&#8220;0px||0px||false|false&#8220; custom_margin_tablet=&#8220;-50px||||false|false&#8220; custom_margin_phone=&#8220;-56px||-56px||true|false&#8220; custom_margin_last_edited=&#8220;on|desktop&#8220; custom_padding=&#8220;0px||0vw||false|false&#8220; top_divider_height=&#8220;63px&#8220; top_divider_flip=&#8220;horizontal&#8220; bottom_divider_style=&#8220;waves2&#8243; bottom_divider_height=&#8220;3vw&#8220; bottom_divider_flip=&#8220;vertical&#8220; link_option_url_new_window=&#8220;on&#8220; background_last_edited=&#8220;on|desktop&#8220; parallax_phone=&#8220;off&#8220; custom_margin__hover_enabled=&#8220;off|desktop&#8220;][et_pb_row _builder_version=&#8220;4.8.2&#8243; _module_preset=&#8220;default&#8220; custom_margin=&#8220;|auto|-27px|auto||&#8220; custom_padding=&#8220;0px||75px|||&#8220;][et_pb_column type=&#8220;4_4&#8243; _builder_version=&#8220;4.8.2&#8243; _module_preset=&#8220;default&#8220;][et_pb_image src=&#8220;http:\/\/ritsyn.is\/wp-content\/uploads\/2023\/02\/Ritsyn_logo.png&#8220; alt=&#8220;Rits\u00fdn&#8220; title_text=&#8220;Ritsyn_logo&#8220; align=&#8220;center&#8220; src_last_edited=&#8220;off|desktop&#8220; disabled_on=&#8220;off|off|off&#8220; _builder_version=&#8220;4.8.2&#8243; _module_preset=&#8220;default&#8220; background_enable_color=&#8220;off&#8220; use_background_color_gradient=&#8220;off&#8220; background_enable_image=&#8220;off&#8220; max_width=&#8220;33%&#8220; max_width_tablet=&#8220;34%&#8220; max_width_phone=&#8220;&#8220; max_width_last_edited=&#8220;on|tablet&#8220; min_height=&#8220;100px&#8220; custom_margin=&#8220;33px||-6px||false|false&#8220; [&hellip;]<\/p>\n","protected":false},"author":1,"featured_media":0,"parent":0,"menu_order":0,"comment_status":"closed","ping_status":"closed","template":"","meta":{"_et_pb_use_builder":"on","_et_pb_old_content":"","_et_gb_content_width":""},"_links":{"self":[{"href":"http:\/\/ritsyn.is\/en\/wp-json\/wp\/v2\/pages\/11"}],"collection":[{"href":"http:\/\/ritsyn.is\/en\/wp-json\/wp\/v2\/pages"}],"about":[{"href":"http:\/\/ritsyn.is\/en\/wp-json\/wp\/v2\/types\/page"}],"author":[{"embeddable":true,"href":"http:\/\/ritsyn.is\/en\/wp-json\/wp\/v2\/users\/1"}],"replies":[{"embeddable":true,"href":"http:\/\/ritsyn.is\/en\/wp-json\/wp\/v2\/comments?post=11"}],"version-history":[{"count":175,"href":"http:\/\/ritsyn.is\/en\/wp-json\/wp\/v2\/pages\/11\/revisions"}],"predecessor-version":[{"id":2804,"href":"http:\/\/ritsyn.is\/en\/wp-json\/wp\/v2\/pages\/11\/revisions\/2804"}],"wp:attachment":[{"href":"http:\/\/ritsyn.is\/en\/wp-json\/wp\/v2\/media?parent=11"}],"curies":[{"name":"wp","href":"https:\/\/api.w.org\/{rel}","templated":true}]}}